{"id":4784,"date":"2024-03-05T16:56:17","date_gmt":"2024-03-05T15:56:17","guid":{"rendered":"https:\/\/martoni.eu\/?page_id=4784"},"modified":"2026-04-02T10:25:52","modified_gmt":"2026-04-02T08:25:52","slug":"produits","status":"publish","type":"page","link":"https:\/\/martoni.eu\/fr\/produits\/","title":{"rendered":"Produits"},"content":{"rendered":"\t\t<div data-elementor-type=\"wp-page\" data-elementor-id=\"4784\" class=\"elementor elementor-4784 elementor-2222\" data-elementor-post-type=\"page\">\n\t\t\t\t<div class=\"elementor-element elementor-element-0ba58de e-con-full e-flex e-con e-parent\" data-id=\"0ba58de\" data-element_type=\"container\" data-e-type=\"container\" data-settings=\"{&quot;background_background&quot;:&quot;classic&quot;}\">\n\t\t\t\t<div class=\"elementor-element elementor-element-7ee5549 elementor-widget elementor-widget-about\" data-id=\"7ee5549\" data-element_type=\"widget\" data-e-type=\"widget\" data-widget_type=\"about.default\">\n\t\t\t\t<div class=\"elementor-widget-container\">\n\t\t\t\t\t    <!-- Start Our About\r\n    ============================================= -->\r\n    <div class=\"about-area ver-two overflow-hidden shape-box default-padding-top\">\r\n        <!-- Fixed Shape -->\r\n        <div class=\"fixed-shape\">\r\n            <img decoding=\"async\" src=\"https:\/\/martoni.eu\/wp-content\/uploads\/2024\/03\/006-Fognature-pp-white.png\" alt=\"dustra\">\r\n        <\/div>\r\n        <!-- End Fixed Shape -->\r\n        <div class=\"container\">\r\n            <div class=\"row align-center\">\r\n\r\n                <div class=\"col-lg-5 thumb-box\">\r\n                \t\t                    <div class=\"thumb\">\r\n\t                        <img decoding=\"async\" src=\"https:\/\/martoni.eu\/wp-content\/uploads\/2024\/03\/d_287_05-Convertito-01.png\" alt=\"dustra\">\r\n\t                    <\/div>\r\n                \t                <\/div>\r\n\r\n                <div class=\"col-lg-7 info\">\r\n                    <h2 class=\"text-opacity\">martoni<\/h2>\r\n                     <h2>Nos produits<\/h2><p>La large gamme d&#039;articles propos\u00e9s est capable de satisfaire m\u00eame la client\u00e8le la plus exigeante, attentive aux besoins d&#039;\u00e9volution technologique et environnementale exig\u00e9s par le march\u00e9. Martoni Spa produit des tuyaux en PP-HM et PVC-U monocouche et \u00e0 trois couches pour les domaines d&#039;application suivants : aqueducs, irrigation, piscines, industrie, puits art\u00e9siens, \u00e9gouts, drainage, \u00e9vacuation \u00e0 l&#039;int\u00e9rieur des b\u00e2timents.<\/p>                                    <\/div>\r\n                \r\n            <\/div>\r\n        <\/div>\r\n        <!-- Shape -->\r\n        <div class=\"shape-bg\">\r\n            <img decoding=\"async\" src=\"https:\/\/martoni.eu\/wp-content\/uploads\/2024\/03\/005-Fognature-pvc-white.png\" alt=\"dustra\">\r\n        <\/div>\r\n        <!-- End Shape -->\r\n    <\/div>\r\n    <!-- End Our About -->\r\n\r\n\r\n\t\t\t\t\t<\/div>\n\t\t\t\t<\/div>\n\t\t\t\t<div class=\"elementor-element elementor-element-5182f3e elementor-widget elementor-widget-services\" data-id=\"5182f3e\" data-element_type=\"widget\" data-e-type=\"widget\" data-widget_type=\"services.default\">\n\t\t\t\t<div class=\"elementor-widget-container\">\n\t\t\t\t\t\r\n\t\t    <!-- Start Services \r\n\t\t    ============================================= -->\r\n\t\t    <div class=\"services-area icon-only overflow-hidden bg-gray default-padding bottom-less\">\r\n\t\t        <div class=\"container\">\r\n\t\t            \t\t            <div class=\"row\">\r\n\t\t                <div class=\"col-lg-8 offset-lg-2\">\r\n\t\t                    <div class=\"site-heading text-center\">\r\n\t\t                        \t\t                        \t<h4>La solution \u00e0 vos besoins<\/h4>\r\n\t\t                    \t\t\t                    \t\t\t                        \t<h2>Notre gamme de produits<\/h2>\r\n\t\t                        \t\t\t\t\t\t\t\t\t\t                    <\/div>\r\n\t\t                <\/div>\r\n\t\t            <\/div>\r\n\t\t            \t\t            <div class=\"services-box text-center\">\r\n\t\t            \t\t\t                <!-- Fixed Shape -->\r\n\t\t                <div class=\"fixed-shape wow slideInRight\">\r\n\t\t                    <img decoding=\"async\" src=\"https:\/\/martoni.eu\/wp-content\/uploads\/2022\/08\/1.png\" alt=\"dustra\">\r\n\t\t                <\/div>\r\n\t\t                <!-- End Fixed Shape -->\r\n\t\t                \t\t                <div class=\"row\">\r\n\t                \t\t\t                <\/div>\r\n\t\t            <\/div>\r\n\t\t        <\/div>\r\n\t\t        \t\t\t        <!-- Fixed Shape -->\r\n\t\t\t        <div class=\"fixed-shape-left wow fadeInDown\">\r\n\t\t\t            <img decoding=\"async\" src=\"https:\/\/martoni.eu\/wp-content\/uploads\/2022\/08\/5.png\" alt=\"dustra\">\r\n\t\t\t        <\/div>\r\n\t\t\t        <!-- End Fixed Shape -->\r\n\t\t    \t\t\t    <\/div>\r\n\t\t    <!-- End Services -->\r\n\t\t\t\t\t\t<\/div>\n\t\t\t\t<\/div>\n\t\t\t\t<div class=\"elementor-element elementor-element-e360f21 elementor-widget-divider--view-line elementor-widget elementor-widget-divider\" data-id=\"e360f21\" data-element_type=\"widget\" data-e-type=\"widget\" data-widget_type=\"divider.default\">\n\t\t\t\t<div class=\"elementor-widget-container\">\n\t\t\t\t\t\t\t<div class=\"elementor-divider\">\n\t\t\t<span class=\"elementor-divider-separator\">\n\t\t\t\t\t\t<\/span>\n\t\t<\/div>\n\t\t\t\t\t\t<\/div>\n\t\t\t\t<\/div>\n\t\t\t\t<\/div>\n\t\t\t\t<section class=\"elementor-section elementor-top-section elementor-element elementor-element-58387c9 elementor-section-full_width elementor-section-stretched elementor-section-height-default elementor-section-height-default\" data-id=\"58387c9\" data-element_type=\"section\" data-e-type=\"section\" data-settings=\"{&quot;stretch_section&quot;:&quot;section-stretched&quot;}\">\n\t\t\t\t\t\t<div class=\"elementor-container elementor-column-gap-default\">\n\t\t\t\t\t<div class=\"elementor-column elementor-col-100 elementor-top-column elementor-element elementor-element-777a691\" data-id=\"777a691\" data-element_type=\"column\" data-e-type=\"column\">\n\t\t\t<div class=\"elementor-widget-wrap elementor-element-populated\">\n\t\t\t\t\t\t<div class=\"elementor-element elementor-element-7793e4b elementor-widget elementor-widget-support\" data-id=\"7793e4b\" data-element_type=\"widget\" data-e-type=\"widget\" data-widget_type=\"support.default\">\n\t\t\t\t<div class=\"elementor-widget-container\">\n\t\t\t\t\t\r\n\t<!-- Start Quick Support Area \r\n    ============================================= -->\r\n    <div class=\"quick-support-area text-center\">\r\n        <div class=\"container\">\r\n            <div class=\"quick-support-box\">\r\n                <!-- Fixed Shape -->\r\n                <div class=\"fixed-shape\" style=\"background-image: url(https:\/\/martoni.eu\/wp-content\/uploads\/2022\/08\/illustration.png);\"><\/div>\r\n                <!-- Fixed Shape -->\r\n                <div class=\"row\">\r\n                    <div class=\"col-lg-8 offset-lg-2\">\r\n                        <h2>Dal 1975 anni forniamo prodotti di qualit\u00e0 per i vostri progetti. Guarda il video e scopri la nostra vision.<\/h2>\r\n                        <a href=\"https:\/\/www.youtube.com\/watch?v=kYqP2VFEZj0\" class=\"popup-youtube video-btn\" target=\"_blank\" rel=\"noopener\"><i class=\"fas fa-play\"><\/i>GUARDA IL VIDEO<\/a>\r\n                    <\/div>\r\n                <\/div>\r\n            <\/div>\r\n        <\/div>\r\n    <\/div>\r\n    <!-- End Quick Support Area -->\r\n\t\t\t\t\t<\/div>\n\t\t\t\t<\/div>\n\t\t\t\t\t<\/div>\n\t\t<\/div>\n\t\t\t\t\t<\/div>\n\t\t<\/section>\n\t\t\t\t<\/div>\n\t\t","protected":false},"excerpt":{"rendered":"<p>martoni Nos produits La large gamme d&#039;articles propos\u00e9s est capable de satisfaire m\u00eame la client\u00e8le la plus exigeante, attentive aux besoins d&#039;\u00e9volution technologique et environnementale exig\u00e9s par le march\u00e9. Martoni Spa produit des tuyaux en PP-HM et PVC-U monocouche et \u00e0 trois couches pour les domaines d&#039;application suivants : aqueducs, irrigation, piscines, industrie, puits art\u00e9siens, [&hellip;]<\/p>\n","protected":false},"author":1,"featured_media":0,"parent":0,"menu_order":0,"comment_status":"closed","ping_status":"closed","template":"page-template\/dustra-template.php","meta":{"_angie_page":false,"footnotes":""},"class_list":["post-4784","page","type-page","status-publish","hentry"],"_links":{"self":[{"href":"https:\/\/martoni.eu\/fr\/wp-json\/wp\/v2\/pages\/4784","targetHints":{"allow":["GET"]}}],"collection":[{"href":"https:\/\/martoni.eu\/fr\/wp-json\/wp\/v2\/pages"}],"about":[{"href":"https:\/\/martoni.eu\/fr\/wp-json\/wp\/v2\/types\/page"}],"author":[{"embeddable":true,"href":"https:\/\/martoni.eu\/fr\/wp-json\/wp\/v2\/users\/1"}],"replies":[{"embeddable":true,"href":"https:\/\/martoni.eu\/fr\/wp-json\/wp\/v2\/comments?post=4784"}],"version-history":[{"count":0,"href":"https:\/\/martoni.eu\/fr\/wp-json\/wp\/v2\/pages\/4784\/revisions"}],"wp:attachment":[{"href":"https:\/\/martoni.eu\/fr\/wp-json\/wp\/v2\/media?parent=4784"}],"curies":[{"name":"wp","href":"https:\/\/api.w.org\/{rel}","templated":true}]}}