{"id":4111,"date":"2024-03-01T09:00:53","date_gmt":"2024-03-01T08:00:53","guid":{"rendered":"https:\/\/martoni.eu\/home\/"},"modified":"2026-02-02T10:13:40","modified_gmt":"2026-02-02T09:13:40","slug":"bienvenue","status":"publish","type":"page","link":"https:\/\/martoni.eu\/fr\/","title":{"rendered":"Bienvenue"},"content":{"rendered":"\t\t<div data-elementor-type=\"wp-page\" data-elementor-id=\"4111\" class=\"elementor elementor-4111 elementor-1985\" data-elementor-post-type=\"page\">\n\t\t\t\t\t\t<section class=\"elementor-section elementor-top-section elementor-element elementor-element-b9d8648 elementor-section-full_width elementor-section-stretched elementor-section-height-default elementor-section-height-default\" data-id=\"b9d8648\" data-element_type=\"section\" data-e-type=\"section\" data-settings=\"{&quot;stretch_section&quot;:&quot;section-stretched&quot;}\">\n\t\t\t\t\t\t<div class=\"elementor-container elementor-column-gap-no\">\n\t\t\t\t\t<div class=\"elementor-column elementor-col-100 elementor-top-column elementor-element elementor-element-707214b\" data-id=\"707214b\" data-element_type=\"column\" data-e-type=\"column\">\n\t\t\t<div class=\"elementor-widget-wrap elementor-element-populated\">\n\t\t\t\t\t\t<div class=\"elementor-element elementor-element-f3ca107 elementor-widget elementor-widget-singlebannerslider\" data-id=\"f3ca107\" data-element_type=\"widget\" data-e-type=\"widget\" data-widget_type=\"singlebannerslider.default\">\n\t\t\t\t<div class=\"elementor-widget-container\">\n\t\t\t\t\t\r\n    <!-- Start Banner \r\n    ============================================= -->\r\n    <div class=\"banner-area top-pad-90 border-shape default text-light\">\r\n        <div id=\"bootcarousel\" class=\"carousel slide carousel-fade animate_text\" data-ride=\"carousel\">\r\n            <!-- Wrapper for slides -->\r\n            <div class=\"carousel-inner\">\r\n            \t                <div class=\"carousel-item bg-cover active\" style=\"background-image: url(https:\/\/martoni.eu\/wp-content\/uploads\/2025\/05\/bosco-verticale-residential-buildings-in-milan-2025-01-08-20-35-16-utc.jpg);\">\r\n                    <div class=\"box-table\">\r\n                        <div class=\"box-cell shadow dark\">\r\n                            <div class=\"container\">\r\n                                <div class=\"row\">\r\n                                    <div class=\"col-lg-8 offset-lg-2\">\r\n                                        <div class=\"content\">\r\n                                            <div class=\"shape animated slideInLeft\"><\/div>\r\n                                            <h3 data-animation=\"animated slideInDown\"><\/h3>\r\n                                            <h2 data-animation=\"animated slideInRight\">2026 Nouveau catalogue<\/h2>\r\n                                            <div class=\"slider-button\">\r\n                                                <a data-animation=\"animated slideInUp\" class=\"btn btn-theme effect btn-md\" href=\"https:\/\/martoni.eu\/wp-content\/uploads\/2025\/03\/Martoni_FR_Catalog_low.pdf\">T\u00e9l\u00e9chargez maintenant<\/a>\r\n                                            <\/div>\r\n                                        <\/div>\r\n                                    <\/div>\r\n                                <\/div>\r\n                            <\/div>\r\n                        <\/div>\r\n                    <\/div>\r\n                <\/div>\r\n                                <div class=\"carousel-item bg-cover \" style=\"background-image: url(https:\/\/martoni.eu\/wp-content\/uploads\/2024\/03\/2024-03-20-Hand-shake-2.jpg);\">\r\n                    <div class=\"box-table\">\r\n                        <div class=\"box-cell shadow dark\">\r\n                            <div class=\"container\">\r\n                                <div class=\"row\">\r\n                                    <div class=\"col-lg-8 offset-lg-2\">\r\n                                        <div class=\"content\">\r\n                                            <div class=\"shape animated slideInLeft\"><\/div>\r\n                                            <h3 data-animation=\"animated slideInDown\">Nous guidons le march\u00e9 vers l&#039;innovation technologique en fournissant des produits de pointe qui r\u00e9pondent pleinement aux besoins des clients et aux strictes politiques environnementales.<\/h3>\r\n                                            <h2 data-animation=\"animated slideInRight\">Road to Zero Impact<\/h2>\r\n                                            <div class=\"slider-button\">\r\n                                                <a data-animation=\"animated slideInUp\" class=\"btn btn-theme effect btn-md\" href=\"https:\/\/martoni.eu\/fr\/a-propos-de\/\">D\u00e9couvrez comment<\/a>\r\n                                            <\/div>\r\n                                        <\/div>\r\n                                    <\/div>\r\n                                <\/div>\r\n                            <\/div>\r\n                        <\/div>\r\n                    <\/div>\r\n                <\/div>\r\n                                <div class=\"carousel-item bg-cover \" style=\"background-image: url(https:\/\/martoni.eu\/wp-content\/uploads\/2024\/03\/IMG_7175.jpg);\">\r\n                    <div class=\"box-table\">\r\n                        <div class=\"box-cell shadow dark\">\r\n                            <div class=\"container\">\r\n                                <div class=\"row\">\r\n                                    <div class=\"col-lg-8 offset-lg-2\">\r\n                                        <div class=\"content\">\r\n                                            <div class=\"shape animated slideInLeft\"><\/div>\r\n                                            <h3 data-animation=\"animated slideInDown\">D\u00e9couvrez notre syst\u00e8me complet de tubes et raccords en polypropyl\u00e8ne \u00e0 haute r\u00e9sistance pour les drainages et les r\u00e9seaux d&#039;assainissement enterr\u00e9s.<\/h3>\r\n                                            <h2 data-animation=\"animated slideInRight\">Martoni PP-HM<\/h2>\r\n                                            <div class=\"slider-button\">\r\n                                                <a data-animation=\"animated slideInUp\" class=\"btn btn-theme effect btn-md\" href=\"https:\/\/martoni.eu\/fr\/prodotti\/\">D\u00e9couvrez les d\u00e9tails<\/a>\r\n                                            <\/div>\r\n                                        <\/div>\r\n                                    <\/div>\r\n                                <\/div>\r\n                            <\/div>\r\n                        <\/div>\r\n                    <\/div>\r\n                <\/div>\r\n                               \r\n            <\/div>\r\n            <!-- End Wrapper for slides -->\r\n\r\n            <!-- Left and right controls -->\r\n            <a class=\"left carousel-control theme\" href=\"#bootcarousel\" data-slide=\"prev\">\r\n                <i class=\"fa fa-angle-left\"><\/i>\r\n                <span class=\"sr-only\">Previous<\/span>\r\n            <\/a>\r\n            <a class=\"right carousel-control theme\" href=\"#bootcarousel\" data-slide=\"next\">\r\n                <i class=\"fa fa-angle-right\"><\/i>\r\n                <span class=\"sr-only\">Next<\/span>\r\n            <\/a>\r\n        <\/div>\r\n    <\/div>\r\n    <!-- End Banner -->\r\n    \t\t\t\t<\/div>\n\t\t\t\t<\/div>\n\t\t\t\t\t<\/div>\n\t\t<\/div>\n\t\t\t\t\t<\/div>\n\t\t<\/section>\n\t\t\t\t<section class=\"elementor-section elementor-top-section elementor-element elementor-element-b47e9f7 elementor-section-full_width elementor-section-stretched elementor-section-height-default elementor-section-height-default\" data-id=\"b47e9f7\" data-element_type=\"section\" data-e-type=\"section\" data-settings=\"{&quot;stretch_section&quot;:&quot;section-stretched&quot;}\">\n\t\t\t\t\t\t<div class=\"elementor-container elementor-column-gap-no\">\n\t\t\t\t\t<div class=\"elementor-column elementor-col-100 elementor-top-column elementor-element elementor-element-1504463\" data-id=\"1504463\" data-element_type=\"column\" data-e-type=\"column\">\n\t\t\t<div class=\"elementor-widget-wrap elementor-element-populated\">\n\t\t\t\t\t\t<div class=\"elementor-element elementor-element-e69093e elementor-widget elementor-widget-support\" data-id=\"e69093e\" data-element_type=\"widget\" data-e-type=\"widget\" data-widget_type=\"support.default\">\n\t\t\t\t<div class=\"elementor-widget-container\">\n\t\t\t\t\t\r\n\t<!-- Start Quick Support Area \r\n    ============================================= -->\r\n    <div class=\"quick-support-area text-center\">\r\n        <div class=\"container\">\r\n            <div class=\"quick-support-box\">\r\n                <!-- Fixed Shape -->\r\n                <div class=\"fixed-shape\" style=\"background-image: url(https:\/\/martoni.eu\/wp-content\/uploads\/2022\/08\/illustration.png);\"><\/div>\r\n                <!-- Fixed Shape -->\r\n                <div class=\"row\">\r\n                    <div class=\"col-lg-8 offset-lg-2\">\r\n                        <h2>Depuis 1975, nous fournissons des produits de qualit\u00e9 pour vos projets. Regardez la vid\u00e9o et d\u00e9couvrez notre vision.<\/h2>\r\n                        <a href=\"https:\/\/www.youtube.com\/watch?v=VGd4eoUz0II\" class=\"popup-youtube video-btn\" target=\"_blank\" rel=\"noopener\"><i class=\"fas fa-play\"><\/i><\/a>\r\n                    <\/div>\r\n                <\/div>\r\n            <\/div>\r\n        <\/div>\r\n    <\/div>\r\n    <!-- End Quick Support Area -->\r\n\t\t\t\t\t<\/div>\n\t\t\t\t<\/div>\n\t\t\t\t<div class=\"elementor-element elementor-element-0088ef7 elementor-widget elementor-widget-about\" data-id=\"0088ef7\" data-element_type=\"widget\" data-e-type=\"widget\" data-widget_type=\"about.default\">\n\t\t\t\t<div class=\"elementor-widget-container\">\n\t\t\t\t\t    <!-- Start Our About\r\n    ============================================= -->\r\n    <div class=\"about-area overflow-hidden shape-box default-padding\" >\r\n    \t <!-- Fixed Shape -->\r\n        <div class=\"fixed-shape\">\r\n            <img decoding=\"async\" src=\"https:\/\/martoni.eu\/wp-content\/themes\/dustra\/assets\/img\/shape\/1.png\" alt=\"dustra\">\r\n        <\/div>\r\n        <!-- End Fixed Shape -->\r\n        <div class=\"container\">\r\n            <div class=\"about-box\">\r\n                <div class=\"row align-center\">\r\n                    <div class=\"col-lg-6 thumb-left\">\r\n                        <div class=\"thumb\">\r\n                        \t                        \t\t<img decoding=\"async\" class=\"item-mousemove\" src=\"https:\/\/martoni.eu\/wp-content\/uploads\/2024\/12\/IMG_7417-scaled-e1734018435472.jpg\" alt=\"dustra\">\r\n                            \t\t\r\n                           \r\n                                                        <div class=\"experiecne\">\r\n                                <h2>1975<\/h2>\r\n                                <h5>Martoni est n\u00e9e et a \u00e9tabli son premier si\u00e8ge en Friuli Venezia Giulia, Italie.<\/h5>\r\n                            <\/div>\r\n                                                    <\/div>\r\n                    <\/div>\r\n                    <div class=\"col-lg-6 info\">\r\n                        <h2>Martoni, une marque de fiabilit\u00e9 et de comp\u00e9tence absolues<\/h2><p>Martoni Spa op\u00e8re depuis 50 ans sur le march\u00e9 italien et international des mati\u00e8res plastiques, produisant des tuyaux et raccords pour les secteurs du b\u00e2timent, de l&#039;hydrothermosanitaire, de l&#039;industrie et de l&#039;agriculture. La vaste gamme de produits r\u00e9pond aux exigences des clients les plus attentifs \u00e0 l&#039;\u00e9volution technologique demand\u00e9e par le march\u00e9 :<\/p><ul><li>Tuyaux et raccords en PVC pour la construction, les \u00e9gouts et la pression<\/li><li>Tuyaux et raccords en PP<\/li><li>Vannes et regards de vidange<\/li><\/ul>                        <div class=\"bottom\">\r\n                        \t                            <div class=\"call\">\r\n                                <div class=\"icon\">\r\n                                \t<a href=\"tel:+390434859911\">\r\n                                                                                <i class=\"flaticon-telephone\"><\/i>\r\n                                    \t                                    \t                                        <div class=\"contact\">\r\n                                            <h4>+39 0434 859911<\/h4>\r\n                                            <span>Contactez-nous<\/span>\r\n                                        <\/div>\r\n                                    <\/a>\r\n                                <\/div>\r\n                            <\/div>\r\n                                                        \t                            <div class=\"button\">\r\n\t                                <a class=\"btn btn-theme effect btn-md\" href=\"https:\/\/martoni.eu\/fr\/a-propos-de\/\">Approfondis maintenant<\/a>\r\n\t                            <\/div>\r\n                        \t                        <\/div>\r\n                    <\/div>\r\n                <\/div>\r\n            <\/div>\r\n        <\/div>\r\n    <\/div>\r\n    <!-- End Our About -->\r\n\r\n\t\t\t\t\t<\/div>\n\t\t\t\t<\/div>\n\t\t\t\t\t<\/div>\n\t\t<\/div>\n\t\t\t\t\t<\/div>\n\t\t<\/section>\n\t\t\t\t<section class=\"elementor-section elementor-top-section elementor-element elementor-element-34063d1 elementor-section-full_width elementor-section-stretched bg-gray elementor-section-height-default elementor-section-height-default\" data-id=\"34063d1\" data-element_type=\"section\" data-e-type=\"section\" data-settings=\"{&quot;stretch_section&quot;:&quot;section-stretched&quot;,&quot;background_background&quot;:&quot;classic&quot;}\">\n\t\t\t\t\t\t\t<div class=\"elementor-background-overlay\"><\/div>\n\t\t\t\t\t\t\t<div class=\"elementor-container elementor-column-gap-no\">\n\t\t\t\t\t<div class=\"elementor-column elementor-col-100 elementor-top-column elementor-element elementor-element-c8b7950\" data-id=\"c8b7950\" data-element_type=\"column\" data-e-type=\"column\">\n\t\t\t<div class=\"elementor-widget-wrap elementor-element-populated\">\n\t\t\t\t\t\t<div class=\"elementor-element elementor-element-8e040bd elementor-widget elementor-widget-testimonial\" data-id=\"8e040bd\" data-element_type=\"widget\" data-e-type=\"widget\" data-widget_type=\"testimonial.default\">\n\t\t\t\t<div class=\"elementor-widget-container\">\n\t\t\t\t\t\r\n\t\t<!-- Start Testimonials Area \r\n    ============================================= -->\r\n    <div class=\"testimonials-area\">\r\n        <div class=\"container\">\r\n            <div class=\"testimonial-items\">\r\n                <div class=\"row align-center\">\r\n                    <div class=\"col-lg-5 title text-center\">\r\n                        <h1 style=\"background-image: url(https:\/\/validthemes.net\/themeforest\/wp\/dustra\/wp-content\/uploads\/2021\/10\/11.jpg );\">3K<\/h1>\r\n\t                    <h2>Clients \u00e0 travers toute l&#039;Europe<\/h2>\r\n                    <\/div>\r\n                    <div class=\"col-lg-7 testimonial-box\">\r\n                        <div class=\"testimonial-content testimonials-carousel owl-carousel owl-theme\">\r\n                        \t                            <!-- Single Item -->\r\n                            <div class=\"item\">\r\n                                <div class=\"content\">\r\n                                    <div class=\"rating\">\r\n                                                                        \t<i class=\"fas fa-star\"><\/i>\r\n                                        <i class=\"fas fa-star\"><\/i>\r\n                                        <i class=\"fas fa-star\"><\/i>\r\n                                        <i class=\"fas fa-star\"><\/i>\r\n                                        <i class=\"fas fa-star\"><\/i>\r\n                                                                        <\/div>\r\n                                                                        <p>\r\n\t\t                                La disponibilit\u00e9 du personnel de Martoni et les d\u00e9lais de livraison des mat\u00e9riaux ont \u00e9t\u00e9 fondamentaux pour g\u00e9rer le projet et le livrer au client dans les d\u00e9lais convenus.\t\r\n                                    <\/p>\r\n                                                                <\/div>\r\n                                <div class=\"provider\">\r\n                                   \t                                    <div class=\"thumb\">\r\n\t                                    \t<img decoding=\"async\" src=\"https:\/\/martoni.eu\/wp-content\/uploads\/2022\/03\/12.jpg\" alt=\"dustra\">\r\n\t                                    <\/div>\r\n                                \t                                    <div class=\"info\">\r\n                                        <h5>Alex D.<\/h5>                                        <span>Ing\u00e9nieur<\/span>                                    <\/div>\r\n                                <\/div>\r\n                            <\/div>\r\n                            <!-- End Single Item -->\r\n                                                    <\/div>\r\n                    <\/div>\r\n                <\/div>\r\n            <\/div>\r\n        <\/div>\r\n    <\/div>\r\n    <!-- End Testimonials Area -->\r\n\t\t\t\t\t<\/div>\n\t\t\t\t<\/div>\n\t\t\t\t\t<\/div>\n\t\t<\/div>\n\t\t\t\t\t<\/div>\n\t\t<\/section>\n\t\t\t\t<section class=\"elementor-section elementor-top-section elementor-element elementor-element-f225eac elementor-section-full_width elementor-section-stretched elementor-section-height-default elementor-section-height-default\" data-id=\"f225eac\" data-element_type=\"section\" data-e-type=\"section\" data-settings=\"{&quot;stretch_section&quot;:&quot;section-stretched&quot;,&quot;background_background&quot;:&quot;classic&quot;}\">\n\t\t\t\t\t\t\t<div class=\"elementor-background-overlay\"><\/div>\n\t\t\t\t\t\t\t<div class=\"elementor-container elementor-column-gap-no\">\n\t\t\t\t\t<div class=\"elementor-column elementor-col-100 elementor-top-column elementor-element elementor-element-1386209 elementor-hidden-desktop elementor-hidden-tablet elementor-hidden-mobile\" data-id=\"1386209\" data-element_type=\"column\" data-e-type=\"column\">\n\t\t\t<div class=\"elementor-widget-wrap elementor-element-populated\">\n\t\t\t\t\t\t<div class=\"elementor-element elementor-element-16d48d2 elementor-widget elementor-widget-clients\" data-id=\"16d48d2\" data-element_type=\"widget\" data-e-type=\"widget\" data-widget_type=\"clients.default\">\n\t\t\t\t<div class=\"elementor-widget-container\">\n\t\t\t\t\t\r\n\t<!-- Start Clients Area\r\n    ============================================= -->\r\n    <div class=\"clients-area default-padding bg-dark text-light\">\r\n    \t        <!-- Fixed Shape -->\r\n        <div class=\"fixed-shape\">\r\n            <img decoding=\"async\" src=\"https:\/\/martoni.eu\/wp-content\/themes\/dustra\/assets\/img\/shape\/1.png\" alt=\"dustra\">\r\n        <\/div>\r\n    \t        <!-- End Fixed Shape -->\r\n        <div class=\"container\">\r\n            <div class=\"clients-item-box\">\r\n                <div class=\"row align-center\">\r\n                    <div class=\"col-lg-5 left-info\">\r\n                        <h2>I nostri clienti<\/h2>\r\n                        <p>\r\n                            Alcuni dei clienti con cui abbiamo il piacere di lavorare ed essere cos\u00ec presenti in tutto il territorio europeo. Grazie ai tempi ridotti e l&#039;elevata efficienza del nostro operato ci rende tra i migliori professionisti del settore.                        <\/p>\r\n                    <\/div>\r\n                    <div class=\"col-lg-6 offset-lg-1 clients-box\">\r\n                        <div class=\"clients-items owl-carousel owl-theme text-center\">\r\n                            \t                            <div class=\"single-item\">\r\n\t                                <a href=\"https:\/\/validthemes.net\/themeforest\/wp\/dustra\/wp-content\/uploads\/2021\/10\/02.png\" target=\"_blank\" rel=\"noopener\"><img decoding=\"async\" src=\"https:\/\/validthemes.net\/themeforest\/wp\/dustra\/wp-content\/uploads\/2021\/10\/02.png\" alt=\"dustra\"><\/a>\r\n\t                            <\/div>\r\n\t                        \t                            <div class=\"single-item\">\r\n\t                                <a href=\"https:\/\/validthemes.net\/themeforest\/wp\/dustra\/wp-content\/uploads\/2021\/10\/03.png\" target=\"_blank\" rel=\"noopener\"><img decoding=\"async\" src=\"https:\/\/validthemes.net\/themeforest\/wp\/dustra\/wp-content\/uploads\/2021\/10\/03.png\" alt=\"dustra\"><\/a>\r\n\t                            <\/div>\r\n\t                        \t                            <div class=\"single-item\">\r\n\t                                <a href=\"https:\/\/validthemes.net\/themeforest\/wp\/dustra\/wp-content\/uploads\/2021\/10\/04.png\" target=\"_blank\" rel=\"noopener\"><img decoding=\"async\" src=\"https:\/\/validthemes.net\/themeforest\/wp\/dustra\/wp-content\/uploads\/2021\/10\/04.png\" alt=\"dustra\"><\/a>\r\n\t                            <\/div>\r\n\t                        \t                            <div class=\"single-item\">\r\n\t                                <a href=\"https:\/\/validthemes.net\/themeforest\/wp\/dustra\/wp-content\/uploads\/2021\/10\/01.png\" target=\"_blank\" rel=\"noopener\"><img decoding=\"async\" src=\"https:\/\/validthemes.net\/themeforest\/wp\/dustra\/wp-content\/uploads\/2021\/10\/01.png\" alt=\"dustra\"><\/a>\r\n\t                            <\/div>\r\n\t                          \r\n                        <\/div>\r\n                    <\/div>\r\n                <\/div>\r\n            <\/div>\r\n        <\/div>\r\n    <\/div>\r\n    <!-- End Clients Area -->\r\n    \t\t\t\t\t<\/div>\n\t\t\t\t<\/div>\n\t\t\t\t\t<\/div>\n\t\t<\/div>\n\t\t\t\t\t<\/div>\n\t\t<\/section>\n\t\t\t\t<\/div>\n\t\t","protected":false},"excerpt":{"rendered":"<p>2026 Nouveau catalogue T\u00e9l\u00e9chargez maintenant Nous guidons le march\u00e9 vers l&#039;innovation technologique en fournissant des produits de pointe qui r\u00e9pondent pleinement aux besoins des clients et aux strictes politiques environnementales. Road to Zero Impact D\u00e9couvrez comment D\u00e9couvrez notre syst\u00e8me complet de tubes et raccords en polypropyl\u00e8ne \u00e0 haute r\u00e9sistance pour les drainages et les r\u00e9seaux [&hellip;]<\/p>\n","protected":false},"author":1,"featured_media":0,"parent":0,"menu_order":0,"comment_status":"closed","ping_status":"closed","template":"page-template\/dustra-template.php","meta":{"_angie_page":false,"footnotes":""},"class_list":["post-4111","page","type-page","status-publish","hentry"],"_links":{"self":[{"href":"https:\/\/martoni.eu\/fr\/wp-json\/wp\/v2\/pages\/4111","targetHints":{"allow":["GET"]}}],"collection":[{"href":"https:\/\/martoni.eu\/fr\/wp-json\/wp\/v2\/pages"}],"about":[{"href":"https:\/\/martoni.eu\/fr\/wp-json\/wp\/v2\/types\/page"}],"author":[{"embeddable":true,"href":"https:\/\/martoni.eu\/fr\/wp-json\/wp\/v2\/users\/1"}],"replies":[{"embeddable":true,"href":"https:\/\/martoni.eu\/fr\/wp-json\/wp\/v2\/comments?post=4111"}],"version-history":[{"count":0,"href":"https:\/\/martoni.eu\/fr\/wp-json\/wp\/v2\/pages\/4111\/revisions"}],"wp:attachment":[{"href":"https:\/\/martoni.eu\/fr\/wp-json\/wp\/v2\/media?parent=4111"}],"curies":[{"name":"wp","href":"https:\/\/api.w.org\/{rel}","templated":true}]}}